{"id":44,"date":"2025-05-25T12:43:58","date_gmt":"2025-05-25T12:43:58","guid":{"rendered":"https:\/\/jura-vacances.fr\/?page_id=44"},"modified":"2025-06-08T08:37:12","modified_gmt":"2025-06-08T08:37:12","slug":"visiter-le-jura","status":"publish","type":"page","link":"https:\/\/jura-vacances.fr\/?page_id=44","title":{"rendered":"Visiter le Jura"},"content":{"rendered":"<p>[et_pb_section fb_built=\u00a0\u00bb1&Prime; admin_label=\u00a0\u00bbAbout\u00a0\u00bb _builder_version=\u00a0\u00bb4.22.0&Prime; _module_preset=\u00a0\u00bbdefault\u00a0\u00bb locked=\u00a0\u00bboff\u00a0\u00bb collapsed=\u00a0\u00bbon\u00a0\u00bb global_colors_info=\u00a0\u00bb{}\u00a0\u00bb][et_pb_row _builder_version=\u00a0\u00bb4.22.0&Prime; _module_preset=\u00a0\u00bbdefault\u00a0\u00bb global_colors_info=\u00a0\u00bb{}\u00a0\u00bb][et_pb_column type=\u00a0\u00bb4_4&Prime; _builder_version=\u00a0\u00bb4.22.0&Prime; _module_preset=\u00a0\u00bbdefault\u00a0\u00bb global_colors_info=\u00a0\u00bb{}\u00a0\u00bb][et_pb_text _builder_version=\u00a0\u00bb4.27.4&Prime; _module_preset=\u00a0\u00bbdd43aa9e-bf6c-4151-a347-dba670165599&Prime; custom_margin=\u00a0\u00bb||10px||false|false\u00a0\u00bb hover_enabled=\u00a0\u00bb0&Prime; global_colors_info=\u00a0\u00bb{}\u00a0\u00bb sticky_enabled=\u00a0\u00bb0&Prime;]<\/p>\n<h1>Tourisme dans le Jura<\/h1>\n<p>[\/et_pb_text][\/et_pb_column][\/et_pb_row][et_pb_row column_structure=\u00a0\u00bb3_5,2_5&Prime; _builder_version=\u00a0\u00bb4.22.0&Prime; _module_preset=\u00a0\u00bbdefault\u00a0\u00bb global_colors_info=\u00a0\u00bb{}\u00a0\u00bb][et_pb_column type=\u00a0\u00bb3_5&Prime; _builder_version=\u00a0\u00bb4.22.0&Prime; _module_preset=\u00a0\u00bbdefault\u00a0\u00bb global_colors_info=\u00a0\u00bb{}\u00a0\u00bb][et_pb_image src=\u00a0\u00bbhttps:\/\/jura-vacances.fr\/wp-content\/uploads\/2025\/06\/visuel-accueil-03.jpg\u00a0\u00bb title_text=\u00a0\u00bbvisuel-accueil-03&Prime; show_bottom_space=\u00a0\u00bboff\u00a0\u00bb _builder_version=\u00a0\u00bb4.27.4&Prime; _module_preset=\u00a0\u00bbdefault\u00a0\u00bb width=\u00a0\u00bb80%\u00a0\u00bb hover_enabled=\u00a0\u00bb0&Prime; global_colors_info=\u00a0\u00bb{}\u00a0\u00bb sticky_enabled=\u00a0\u00bb0&Prime;][\/et_pb_image][et_pb_image src=\u00a0\u00bbhttps:\/\/jura-vacances.fr\/wp-content\/uploads\/2025\/06\/jura7.jpg\u00a0\u00bb title_text=\u00a0\u00bbjura7&Prime; _builder_version=\u00a0\u00bb4.27.4&Prime; _module_preset=\u00a0\u00bbdefault\u00a0\u00bb positioning=\u00a0\u00bbabsolute\u00a0\u00bb position_origin_a=\u00a0\u00bbbottom_right\u00a0\u00bb width=\u00a0\u00bb40%\u00a0\u00bb hover_enabled=\u00a0\u00bb0&Prime; global_colors_info=\u00a0\u00bb{}\u00a0\u00bb sticky_enabled=\u00a0\u00bb0&Prime;][\/et_pb_image][\/et_pb_column][et_pb_column type=\u00a0\u00bb2_5&Prime; _builder_version=\u00a0\u00bb4.22.0&Prime; _module_preset=\u00a0\u00bbdefault\u00a0\u00bb global_colors_info=\u00a0\u00bb{}\u00a0\u00bb][et_pb_text _builder_version=\u00a0\u00bb4.27.4&Prime; _module_preset=\u00a0\u00bb908b15d7-56c2-45cf-8607-5b60197ed7ca\u00a0\u00bb custom_margin=\u00a0\u00bb||10px||false|false\u00a0\u00bb hover_enabled=\u00a0\u00bb0&Prime; global_colors_info=\u00a0\u00bb{}\u00a0\u00bb sticky_enabled=\u00a0\u00bb0&Prime;]<\/p>\n<h2>Des vacances au c\u0153ur d\u2019une nature pr\u00e9serv\u00e9e<\/h2>\n<p>[\/et_pb_text][et_pb_text _builder_version=\u00a0\u00bb4.27.4&Prime; _module_preset=\u00a0\u00bb4b957676-8614-4e4b-8633-735e09f0df69&Prime; hover_enabled=\u00a0\u00bb0&Prime; global_colors_info=\u00a0\u00bb{}\u00a0\u00bb sticky_enabled=\u00a0\u00bb0&Prime;]<\/p>\n<p data-start=\"361\" data-end=\"654\">S\u00e9journer aux <strong data-start=\"375\" data-end=\"393\">G\u00eetes Pernodet<\/strong>, c\u2019est s\u2019offrir un acc\u00e8s direct \u00e0 l\u2019un des plus beaux territoires de France : le <strong data-start=\"475\" data-end=\"483\">Jura<\/strong>. Une r\u00e9gion vivante, verte, g\u00e9n\u00e9reuse, \u00e0 d\u00e9couvrir au rythme des saisons, entre <strong data-start=\"564\" data-end=\"578\">randonn\u00e9es<\/strong>, <strong data-start=\"580\" data-end=\"600\">lacs cristallins<\/strong>, <strong data-start=\"602\" data-end=\"627\">villages de caract\u00e8re<\/strong> et <strong data-start=\"631\" data-end=\"653\">gastronomie locale<\/strong>.<\/p>\n<p data-start=\"656\" data-end=\"800\">Que vous soyez amateur de nature, d\u2019histoire, de bons produits ou simplement en qu\u00eate de <strong data-start=\"745\" data-end=\"767\">calme et d\u2019\u00e9vasion<\/strong>, ici, tout est \u00e0 port\u00e9e de main.<\/p>\n<p>[\/et_pb_text][\/et_pb_column][\/et_pb_row][\/et_pb_section][et_pb_section fb_built=\u00a0\u00bb1&Prime; admin_label=\u00a0\u00bbWhy Us\u00a0\u00bb _builder_version=\u00a0\u00bb4.22.0&Prime; _module_preset=\u00a0\u00bbdefault\u00a0\u00bb locked=\u00a0\u00bboff\u00a0\u00bb collapsed=\u00a0\u00bbon\u00a0\u00bb global_colors_info=\u00a0\u00bb{}\u00a0\u00bb custom_padding=\u00a0\u00bb4px|||||\u00a0\u00bb][et_pb_row column_structure=\u00a0\u00bb1_2,1_2&Prime; _builder_version=\u00a0\u00bb4.22.0&Prime; _module_preset=\u00a0\u00bbdefault\u00a0\u00bb global_colors_info=\u00a0\u00bb{}\u00a0\u00bb custom_padding=\u00a0\u00bb0px|||||\u00a0\u00bb][et_pb_column type=\u00a0\u00bb1_2&Prime; _builder_version=\u00a0\u00bb4.22.0&Prime; _module_preset=\u00a0\u00bbdefault\u00a0\u00bb global_colors_info=\u00a0\u00bb{}\u00a0\u00bb][et_pb_text _builder_version=\u00a0\u00bb4.27.4&Prime; _module_preset=\u00a0\u00bb908b15d7-56c2-45cf-8607-5b60197ed7ca\u00a0\u00bb custom_margin=\u00a0\u00bb||10px||false|false\u00a0\u00bb hover_enabled=\u00a0\u00bb0&Prime; global_colors_info=\u00a0\u00bb{}\u00a0\u00bb sticky_enabled=\u00a0\u00bb0&Prime;]<\/p>\n<h2><span>Randonn\u00e9es &amp; panoramas<\/span><\/h2>\n<p>[\/et_pb_text][et_pb_text _builder_version=\u00a0\u00bb4.27.4&Prime; _module_preset=\u00a0\u00bb4b957676-8614-4e4b-8633-735e09f0df69&Prime; hover_enabled=\u00a0\u00bb0&Prime; global_colors_info=\u00a0\u00bb{}\u00a0\u00bb sticky_enabled=\u00a0\u00bb0&Prime;]<\/p>\n<p data-start=\"837\" data-end=\"1138\">Les sentiers partent souvent directement du village de <strong data-start=\"892\" data-end=\"904\">Crotenay<\/strong>. \u00c0 pied ou \u00e0 v\u00e9lo, chaque balade vous m\u00e8ne vers un <strong data-start=\"978\" data-end=\"991\">belv\u00e9d\u00e8re<\/strong>, une <strong data-start=\"997\" data-end=\"1008\">cascade<\/strong>, une <strong data-start=\"1014\" data-end=\"1035\">for\u00eat myst\u00e9rieuse<\/strong>, ou un <strong data-start=\"1043\" data-end=\"1089\">chemin creux bord\u00e9 de mousse et de silence<\/strong>.<br data-start=\"1090\" data-end=\"1093\" \/>Le Jura, c\u2019est un paradis pour les marcheurs.<\/p>\n<h3 data-start=\"1140\" data-end=\"1162\">\u00c0 ne pas manquer :<\/h3>\n<ul data-start=\"1163\" data-end=\"1624\">\n<li data-start=\"1163\" data-end=\"1288\">\n<p data-start=\"1165\" data-end=\"1288\">Les c\u00e9l\u00e8bres <strong data-start=\"1178\" data-end=\"1202\">Cascades du H\u00e9risson<\/strong> : un encha\u00eenement spectaculaire de 31 sauts d\u2019eau \u00e0 d\u00e9couvrir sur un sentier am\u00e9nag\u00e9.<\/p>\n<\/li>\n<li data-start=\"1289\" data-end=\"1393\">\n<p data-start=\"1291\" data-end=\"1393\">Le <strong data-start=\"1294\" data-end=\"1318\">Belv\u00e9d\u00e8re des 4 Lacs<\/strong> : panorama inoubliable sur les lacs de Narlay, Ilay, Petit et Grand Maclu.<\/p>\n<\/li>\n<li data-start=\"1394\" data-end=\"1519\">\n<p data-start=\"1396\" data-end=\"1519\">La <strong data-start=\"1399\" data-end=\"1433\">recul\u00e9e de Baume-les-Messieurs<\/strong>, class\u00e9e parmi les plus beaux villages de France, entour\u00e9e de falaises et de grottes.<\/p>\n<\/li>\n<li data-start=\"1520\" data-end=\"1624\">\n<p data-start=\"1522\" data-end=\"1624\">Les <strong data-start=\"1526\" data-end=\"1568\">Gorges de la Lemme et de la Langouette<\/strong>, ou encore la spectaculaire <strong data-start=\"1597\" data-end=\"1623\">cascade de la Billaude<\/strong>.<\/p>\n<\/li>\n<\/ul>\n<p>[\/et_pb_text][\/et_pb_column][et_pb_column type=\u00a0\u00bb1_2&Prime; _builder_version=\u00a0\u00bb4.22.0&Prime; _module_preset=\u00a0\u00bbdefault\u00a0\u00bb global_colors_info=\u00a0\u00bb{}\u00a0\u00bb][et_pb_image src=\u00a0\u00bbhttps:\/\/jura-vacances.fr\/wp-content\/uploads\/2025\/06\/visuel-accueil-02.jpg\u00a0\u00bb title_text=\u00a0\u00bbvisuel-accueil-02&Prime; show_bottom_space=\u00a0\u00bboff\u00a0\u00bb align=\u00a0\u00bbright\u00a0\u00bb _builder_version=\u00a0\u00bb4.27.4&Prime; _module_preset=\u00a0\u00bbdefault\u00a0\u00bb width=\u00a0\u00bb80%\u00a0\u00bb hover_enabled=\u00a0\u00bb0&Prime; global_colors_info=\u00a0\u00bb{}\u00a0\u00bb sticky_enabled=\u00a0\u00bb0&Prime;][\/et_pb_image][et_pb_image src=\u00a0\u00bbhttps:\/\/jura-vacances.fr\/wp-content\/uploads\/2025\/06\/jura.jpg\u00a0\u00bb title_text=\u00a0\u00bbjura\u00a0\u00bb _builder_version=\u00a0\u00bb4.27.4&Prime; _module_preset=\u00a0\u00bbdefault\u00a0\u00bb positioning=\u00a0\u00bbabsolute\u00a0\u00bb position_origin_a=\u00a0\u00bbbottom_left\u00a0\u00bb width=\u00a0\u00bb40%\u00a0\u00bb hover_enabled=\u00a0\u00bb0&Prime; global_colors_info=\u00a0\u00bb{}\u00a0\u00bb sticky_enabled=\u00a0\u00bb0&Prime;][\/et_pb_image][\/et_pb_column][\/et_pb_row][et_pb_row column_structure=\u00a0\u00bb3_5,2_5&Prime; _builder_version=\u00a0\u00bb4.22.0&Prime; _module_preset=\u00a0\u00bbdefault\u00a0\u00bb global_colors_info=\u00a0\u00bb{}\u00a0\u00bb][et_pb_column type=\u00a0\u00bb3_5&Prime; _builder_version=\u00a0\u00bb4.22.0&Prime; _module_preset=\u00a0\u00bbdefault\u00a0\u00bb global_colors_info=\u00a0\u00bb{}\u00a0\u00bb][et_pb_image src=\u00a0\u00bbhttps:\/\/jura-vacances.fr\/wp-content\/uploads\/2025\/06\/pic-de-l-aigle.jpg\u00a0\u00bb title_text=\u00a0\u00bbpic-de-l-aigle\u00a0\u00bb show_bottom_space=\u00a0\u00bboff\u00a0\u00bb _builder_version=\u00a0\u00bb4.27.4&Prime; _module_preset=\u00a0\u00bbdefault\u00a0\u00bb width=\u00a0\u00bb80%\u00a0\u00bb hover_enabled=\u00a0\u00bb0&Prime; global_colors_info=\u00a0\u00bb{}\u00a0\u00bb sticky_enabled=\u00a0\u00bb0&Prime;][\/et_pb_image][et_pb_image src=\u00a0\u00bbhttps:\/\/jura-vacances.fr\/wp-content\/uploads\/2025\/06\/jura2.jpg\u00a0\u00bb title_text=\u00a0\u00bbjura2&Prime; _builder_version=\u00a0\u00bb4.27.4&Prime; _module_preset=\u00a0\u00bbdefault\u00a0\u00bb positioning=\u00a0\u00bbabsolute\u00a0\u00bb position_origin_a=\u00a0\u00bbbottom_right\u00a0\u00bb width=\u00a0\u00bb40%\u00a0\u00bb hover_enabled=\u00a0\u00bb0&Prime; global_colors_info=\u00a0\u00bb{}\u00a0\u00bb sticky_enabled=\u00a0\u00bb0&Prime;][\/et_pb_image][\/et_pb_column][et_pb_column type=\u00a0\u00bb2_5&Prime; _builder_version=\u00a0\u00bb4.22.0&Prime; _module_preset=\u00a0\u00bbdefault\u00a0\u00bb global_colors_info=\u00a0\u00bb{}\u00a0\u00bb][et_pb_text _builder_version=\u00a0\u00bb4.27.4&Prime; _module_preset=\u00a0\u00bb908b15d7-56c2-45cf-8607-5b60197ed7ca\u00a0\u00bb custom_margin=\u00a0\u00bb||10px||false|false\u00a0\u00bb hover_enabled=\u00a0\u00bb0&Prime; global_colors_info=\u00a0\u00bb{}\u00a0\u00bb sticky_enabled=\u00a0\u00bb0&Prime;]<\/p>\n<h2><span>Lacs et rivi\u00e8res<\/span><\/h2>\n<p>[\/et_pb_text][et_pb_text _builder_version=\u00a0\u00bb4.27.4&Prime; _module_preset=\u00a0\u00bb4b957676-8614-4e4b-8633-735e09f0df69&Prime; hover_enabled=\u00a0\u00bb0&Prime; global_colors_info=\u00a0\u00bb{}\u00a0\u00bb sticky_enabled=\u00a0\u00bb0&Prime;]<\/p>\n<p data-start=\"1655\" data-end=\"1727\">Les amoureux de baignade, de cano\u00eb ou de p\u00eache trouveront leur bonheur :<\/p>\n<ul data-start=\"1728\" data-end=\"1971\">\n<li data-start=\"1728\" data-end=\"1868\">\n<p data-start=\"1730\" data-end=\"1868\">Le <strong data-start=\"1733\" data-end=\"1751\">Lac de Chalain<\/strong>, \u00e0 seulement quelques minutes des g\u00eetes, est id\u00e9al pour se d\u00e9tendre en famille ou pratiquer des activit\u00e9s nautiques.<\/p>\n<\/li>\n<li data-start=\"1869\" data-end=\"1971\">\n<p data-start=\"1871\" data-end=\"1971\">La <strong data-start=\"1874\" data-end=\"1891\">rivi\u00e8re d\u2019Ain<\/strong>, sauvage et paisible, est pris\u00e9e des p\u00eacheurs \u00e0 la truite comme des kayakistes.<\/p>\n<\/li>\n<\/ul>\n<p>[\/et_pb_text][\/et_pb_column][\/et_pb_row][et_pb_row column_structure=\u00a0\u00bb1_2,1_2&Prime; _builder_version=\u00a0\u00bb4.22.0&Prime; _module_preset=\u00a0\u00bbdefault\u00a0\u00bb global_colors_info=\u00a0\u00bb{}\u00a0\u00bb custom_padding=\u00a0\u00bb0px|||||\u00a0\u00bb][et_pb_column type=\u00a0\u00bb1_2&Prime; _builder_version=\u00a0\u00bb4.22.0&Prime; _module_preset=\u00a0\u00bbdefault\u00a0\u00bb global_colors_info=\u00a0\u00bb{}\u00a0\u00bb][et_pb_text _builder_version=\u00a0\u00bb4.27.4&Prime; _module_preset=\u00a0\u00bb908b15d7-56c2-45cf-8607-5b60197ed7ca\u00a0\u00bb custom_margin=\u00a0\u00bb||10px||false|false\u00a0\u00bb hover_enabled=\u00a0\u00bb0&Prime; global_colors_info=\u00a0\u00bb{}\u00a0\u00bb sticky_enabled=\u00a0\u00bb0&Prime;]<\/p>\n<h2><span>Gastronomie &amp; vignobles<\/span><\/h2>\n<p>[\/et_pb_text][et_pb_text _builder_version=\u00a0\u00bb4.27.4&Prime; _module_preset=\u00a0\u00bb4b957676-8614-4e4b-8633-735e09f0df69&Prime; hover_enabled=\u00a0\u00bb0&Prime; global_colors_info=\u00a0\u00bb{}\u00a0\u00bb sticky_enabled=\u00a0\u00bb0&Prime;]<\/p>\n<p data-start=\"2009\" data-end=\"2152\">Le Jura, c\u2019est aussi un <strong data-start=\"2033\" data-end=\"2053\">terroir g\u00e9n\u00e9reux<\/strong> ! Sur les march\u00e9s, dans les caves ou \u00e0 la table des auberges, d\u00e9couvrez des saveurs authentiques :<\/p>\n<ul data-start=\"2153\" data-end=\"2539\">\n<li data-start=\"2153\" data-end=\"2239\">\n<p data-start=\"2155\" data-end=\"2239\"><strong data-start=\"2155\" data-end=\"2164\">Comt\u00e9<\/strong>, <strong data-start=\"2166\" data-end=\"2177\">Morbier<\/strong>, <strong data-start=\"2179\" data-end=\"2192\">Mont d\u2019Or<\/strong> : fromages de caract\u00e8re \u00e0 d\u00e9guster absolument.<\/p>\n<\/li>\n<li data-start=\"2240\" data-end=\"2413\">\n<p data-start=\"2242\" data-end=\"2413\"><strong data-start=\"2242\" data-end=\"2255\">Vin jaune<\/strong>, <strong data-start=\"2257\" data-end=\"2274\">vin de paille<\/strong>, <strong data-start=\"2276\" data-end=\"2286\">Macvin<\/strong> ou <strong data-start=\"2290\" data-end=\"2314\">chardonnay jurassien<\/strong> : une r\u00e9gion de vignobles singuliers, \u00e0 d\u00e9couvrir \u00e0 <strong data-start=\"2367\" data-end=\"2385\">Ch\u00e2teau-Chalon<\/strong>, <strong data-start=\"2387\" data-end=\"2397\">Arbois<\/strong> ou <strong data-start=\"2401\" data-end=\"2412\">Poligny<\/strong>.<\/p>\n<\/li>\n<li data-start=\"2414\" data-end=\"2539\">\n<p data-start=\"2416\" data-end=\"2539\">Le <strong data-start=\"2419\" data-end=\"2445\">restaurant Le Pic Vert<\/strong>, \u00e0 proximit\u00e9, vous propose une cuisine locale raffin\u00e9e et conviviale dans un cadre verdoyant.<\/p>\n<\/li>\n<\/ul>\n<p>[\/et_pb_text][\/et_pb_column][et_pb_column type=\u00a0\u00bb1_2&Prime; _builder_version=\u00a0\u00bb4.22.0&Prime; _module_preset=\u00a0\u00bbdefault\u00a0\u00bb global_colors_info=\u00a0\u00bb{}\u00a0\u00bb][et_pb_image src=\u00a0\u00bbhttps:\/\/jura-vacances.fr\/wp-content\/uploads\/2025\/06\/jura8.jpg\u00a0\u00bb title_text=\u00a0\u00bbjura8&Prime; show_bottom_space=\u00a0\u00bboff\u00a0\u00bb align=\u00a0\u00bbright\u00a0\u00bb _builder_version=\u00a0\u00bb4.27.4&Prime; _module_preset=\u00a0\u00bbdefault\u00a0\u00bb width=\u00a0\u00bb80%\u00a0\u00bb hover_enabled=\u00a0\u00bb0&Prime; global_colors_info=\u00a0\u00bb{}\u00a0\u00bb sticky_enabled=\u00a0\u00bb0&Prime;][\/et_pb_image][et_pb_image src=\u00a0\u00bbhttps:\/\/jura-vacances.fr\/wp-content\/uploads\/2025\/06\/jura6.jpg\u00a0\u00bb title_text=\u00a0\u00bbjura6&Prime; _builder_version=\u00a0\u00bb4.27.4&Prime; _module_preset=\u00a0\u00bbdefault\u00a0\u00bb positioning=\u00a0\u00bbabsolute\u00a0\u00bb position_origin_a=\u00a0\u00bbbottom_left\u00a0\u00bb width=\u00a0\u00bb40%\u00a0\u00bb hover_enabled=\u00a0\u00bb0&Prime; global_colors_info=\u00a0\u00bb{}\u00a0\u00bb sticky_enabled=\u00a0\u00bb0&Prime;][\/et_pb_image][\/et_pb_column][\/et_pb_row][et_pb_row column_structure=\u00a0\u00bb2_5,3_5&Prime; _builder_version=\u00a0\u00bb4.27.4&Prime; _module_preset=\u00a0\u00bbdefault\u00a0\u00bb hover_enabled=\u00a0\u00bb0&Prime; global_colors_info=\u00a0\u00bb{}\u00a0\u00bb sticky_enabled=\u00a0\u00bb0&Prime;][et_pb_column type=\u00a0\u00bb2_5&Prime; _builder_version=\u00a0\u00bb4.22.0&Prime; _module_preset=\u00a0\u00bbdefault\u00a0\u00bb global_colors_info=\u00a0\u00bb{}\u00a0\u00bb][et_pb_image src=\u00a0\u00bbhttps:\/\/jura-vacances.fr\/wp-content\/uploads\/2025\/06\/Villa-extCMJN.jpg\u00a0\u00bb title_text=\u00a0\u00bbVilla-extCMJN\u00a0\u00bb show_bottom_space=\u00a0\u00bboff\u00a0\u00bb _builder_version=\u00a0\u00bb4.27.4&Prime; _module_preset=\u00a0\u00bbdefault\u00a0\u00bb width=\u00a0\u00bb80%\u00a0\u00bb hover_enabled=\u00a0\u00bb0&Prime; global_colors_info=\u00a0\u00bb{}\u00a0\u00bb sticky_enabled=\u00a0\u00bb0&Prime;][\/et_pb_image][\/et_pb_column][et_pb_column type=\u00a0\u00bb3_5&Prime; _builder_version=\u00a0\u00bb4.22.0&Prime; _module_preset=\u00a0\u00bbdefault\u00a0\u00bb global_colors_info=\u00a0\u00bb{}\u00a0\u00bb][et_pb_text _builder_version=\u00a0\u00bb4.27.4&Prime; _module_preset=\u00a0\u00bb908b15d7-56c2-45cf-8607-5b60197ed7ca\u00a0\u00bb custom_margin=\u00a0\u00bb||10px||false|false\u00a0\u00bb hover_enabled=\u00a0\u00bb0&Prime; global_colors_info=\u00a0\u00bb{}\u00a0\u00bb sticky_enabled=\u00a0\u00bb0&Prime;]<\/p>\n<h2><span>Villages et patrimoine<\/span><\/h2>\n<p>[\/et_pb_text][et_pb_text _builder_version=\u00a0\u00bb4.27.4&Prime; _module_preset=\u00a0\u00bb4b957676-8614-4e4b-8633-735e09f0df69&Prime; hover_enabled=\u00a0\u00bb0&Prime; global_colors_info=\u00a0\u00bb{}\u00a0\u00bb sticky_enabled=\u00a0\u00bb0&Prime;]<\/p>\n<p data-start=\"230\" data-end=\"309\">La r\u00e9gion regorge de <strong data-start=\"251\" data-end=\"272\">villages typiques<\/strong> et de <strong data-start=\"279\" data-end=\"307\">lieux charg\u00e9s d\u2019histoire<\/strong> :<\/p>\n<ul data-start=\"311\" data-end=\"875\">\n<li data-start=\"311\" data-end=\"415\">\n<p data-start=\"313\" data-end=\"415\"><strong data-start=\"313\" data-end=\"336\">Baume-les-Messieurs<\/strong>, nich\u00e9 dans une recul\u00e9e grandiose, avec son abbaye b\u00e9n\u00e9dictine et ses grottes.<\/p>\n<\/li>\n<li data-start=\"416\" data-end=\"506\">\n<p data-start=\"418\" data-end=\"506\"><strong data-start=\"418\" data-end=\"436\">Ch\u00e2teau-Chalon<\/strong>, perch\u00e9 sur un \u00e9peron rocheux, berceau du vin jaune et joyau du Jura.<\/p>\n<\/li>\n<li data-start=\"507\" data-end=\"763\">\n<p data-start=\"509\" data-end=\"763\"><strong data-start=\"509\" data-end=\"541\">La Villa Palladienne de Syam<\/strong>, joyau architectural unique en France, inspir\u00e9e de l\u2019art italien, nich\u00e9e dans un cadre bucolique.<br data-start=\"639\" data-end=\"642\" \/>\u27a4 Elle se visite et accueille aussi des \u00e9v\u00e9nements culturels. Un d\u00e9tour incontournable pour les amoureux de patrimoine.<\/p>\n<\/li>\n<li data-start=\"764\" data-end=\"875\">\n<p data-start=\"766\" data-end=\"875\"><strong data-start=\"766\" data-end=\"786\">Salins-les-Bains<\/strong> et <strong data-start=\"790\" data-end=\"800\">Arbois<\/strong>, pour m\u00ealer patrimoine, thermalisme et d\u00e9couverte des savoir-faire locaux.<\/p>\n<\/li>\n<\/ul>\n<p>[\/et_pb_text][\/et_pb_column][\/et_pb_row][\/et_pb_section]<\/p>\n","protected":false},"excerpt":{"rendered":"<p>Tourisme dans le JuraDes vacances au c\u0153ur d\u2019une nature pr\u00e9serv\u00e9eS\u00e9journer aux G\u00eetes Pernodet, c\u2019est s\u2019offrir un acc\u00e8s direct \u00e0 l\u2019un des plus beaux territoires de France : le Jura. Une r\u00e9gion vivante, verte, g\u00e9n\u00e9reuse, \u00e0 d\u00e9couvrir au rythme des saisons, entre randonn\u00e9es, lacs cristallins, villages de caract\u00e8re et gastronomie locale. Que vous soyez amateur de [&hellip;]<\/p>\n","protected":false},"author":1,"featured_media":0,"parent":0,"menu_order":0,"comment_status":"closed","ping_status":"closed","template":"","meta":{"_et_pb_use_builder":"on","_et_pb_old_content":"","_et_gb_content_width":"","footnotes":""},"class_list":["post-44","page","type-page","status-publish","hentry"],"_links":{"self":[{"href":"https:\/\/jura-vacances.fr\/index.php?rest_route=\/wp\/v2\/pages\/44","targetHints":{"allow":["GET"]}}],"collection":[{"href":"https:\/\/jura-vacances.fr\/index.php?rest_route=\/wp\/v2\/pages"}],"about":[{"href":"https:\/\/jura-vacances.fr\/index.php?rest_route=\/wp\/v2\/types\/page"}],"author":[{"embeddable":true,"href":"https:\/\/jura-vacances.fr\/index.php?rest_route=\/wp\/v2\/users\/1"}],"replies":[{"embeddable":true,"href":"https:\/\/jura-vacances.fr\/index.php?rest_route=%2Fwp%2Fv2%2Fcomments&post=44"}],"version-history":[{"count":4,"href":"https:\/\/jura-vacances.fr\/index.php?rest_route=\/wp\/v2\/pages\/44\/revisions"}],"predecessor-version":[{"id":129,"href":"https:\/\/jura-vacances.fr\/index.php?rest_route=\/wp\/v2\/pages\/44\/revisions\/129"}],"wp:attachment":[{"href":"https:\/\/jura-vacances.fr\/index.php?rest_route=%2Fwp%2Fv2%2Fmedia&parent=44"}],"curies":[{"name":"wp","href":"https:\/\/api.w.org\/{rel}","templated":true}]}}